{"id":322,"date":"2017-09-27T13:04:26","date_gmt":"2017-09-27T11:04:26","guid":{"rendered":"https:\/\/dev.procampus.de\/?page_id=322\/"},"modified":"2021-03-25T11:56:12","modified_gmt":"2021-03-25T10:56:12","slug":"social-media","status":"publish","type":"page","link":"https:\/\/procampus.de\/de\/marketing\/social-media\/","title":{"rendered":"Social Media"},"content":{"rendered":"<p>[vc_row][vc_column offset=&#8220;vc_hidden-sm vc_hidden-xs&#8220;][vc_single_image image=&#8220;1373&#8243; img_size=&#8220;full&#8220;][\/vc_column][\/vc_row][vc_row][vc_column][vc_column_text]<\/p>\n<h2>Interaktion mit den Kunden als Erfolgsfaktor<\/h2>\n<p>[\/vc_column_text][\/vc_column][\/vc_row][vc_row][vc_column width=&#8220;3\/4&#8243;][vc_column_text]Es bieten sich zahlreiche M\u00f6glichkeiten in Marketing und Unternehmenskommunikation Social Media Kan\u00e4le effizient zu nutzen. Ma\u00dfgeblich f\u00fcr die Auswahl und den Inhalt sind die Ziele die verfolgt werden. Dazu geh\u00f6ren beispielsweise Steigerung der Bekanntheit, Pr\u00e4sentation der eigenen Leistung oder auch der Austausch von Informationen.<br \/>\nMit kontinuierlich hochwertigen Inhalten begeistern Sie Ihre Zielgruppe und regen diese zu Aktivit\u00e4ten an. Dadurch entfaltet das Social Media Marketing seinen wahren Mehrwert:<\/p>\n<ul>\n<li>Zielgerichtete Kommunikation minimiert Streuverluste<\/li>\n<li>Identifikation von Botschaften um neue Kunden zu gewinnen<\/li>\n<li>Erh\u00f6hung der Kundenbindung<\/li>\n<\/ul>\n<p>Social Media Marketing geht weit \u00fcber die Grenzen des konventionellen Marketing hinaus und bietet umfangreiche M\u00f6glichkeiten die Zielgruppen zu erreichen. Sprechen Sie uns an, wir beraten Sie gerne![\/vc_column_text][\/vc_column][vc_column width=&#8220;1\/4&#8243;][vc_column_text]<img decoding=\"async\" loading=\"lazy\" class=\"alignleft wp-image-829\" src=\"https:\/\/dev.procampus.de\/wp-content\/uploads\/2018\/03\/proCampus_-O-rot.png\" alt=\"\" width=\"25\" height=\"19\" srcset=\"https:\/\/procampus.de\/wp-content\/uploads\/2018\/03\/proCampus_-O-rot.png 1890w, https:\/\/procampus.de\/wp-content\/uploads\/2018\/03\/proCampus_-O-rot-300x225.png 300w, https:\/\/procampus.de\/wp-content\/uploads\/2018\/03\/proCampus_-O-rot-768x576.png 768w, https:\/\/procampus.de\/wp-content\/uploads\/2018\/03\/proCampus_-O-rot-1024x768.png 1024w\" sizes=\"(max-width: 25px) 100vw, 25px\" \/>Individueller Social Media Mix<\/p>\n<p><img decoding=\"async\" loading=\"lazy\" class=\"alignleft wp-image-829\" src=\"https:\/\/dev.procampus.de\/wp-content\/uploads\/2018\/03\/proCampus_-O-rot.png\" alt=\"\" width=\"25\" height=\"19\" srcset=\"https:\/\/procampus.de\/wp-content\/uploads\/2018\/03\/proCampus_-O-rot.png 1890w, https:\/\/procampus.de\/wp-content\/uploads\/2018\/03\/proCampus_-O-rot-300x225.png 300w, https:\/\/procampus.de\/wp-content\/uploads\/2018\/03\/proCampus_-O-rot-768x576.png 768w, https:\/\/procampus.de\/wp-content\/uploads\/2018\/03\/proCampus_-O-rot-1024x768.png 1024w\" sizes=\"(max-width: 25px) 100vw, 25px\" \/>Facebook Werbung<\/p>\n<p><img decoding=\"async\" loading=\"lazy\" class=\"alignleft wp-image-829\" src=\"https:\/\/dev.procampus.de\/wp-content\/uploads\/2018\/03\/proCampus_-O-rot.png\" alt=\"\" width=\"25\" height=\"19\" srcset=\"https:\/\/procampus.de\/wp-content\/uploads\/2018\/03\/proCampus_-O-rot.png 1890w, https:\/\/procampus.de\/wp-content\/uploads\/2018\/03\/proCampus_-O-rot-300x225.png 300w, https:\/\/procampus.de\/wp-content\/uploads\/2018\/03\/proCampus_-O-rot-768x576.png 768w, https:\/\/procampus.de\/wp-content\/uploads\/2018\/03\/proCampus_-O-rot-1024x768.png 1024w\" sizes=\"(max-width: 25px) 100vw, 25px\" \/>Google Ads Kampagnen<\/p>\n<p><img decoding=\"async\" loading=\"lazy\" class=\"alignleft wp-image-829\" src=\"https:\/\/dev.procampus.de\/wp-content\/uploads\/2018\/03\/proCampus_-O-rot.png\" alt=\"\" width=\"25\" height=\"19\" srcset=\"https:\/\/procampus.de\/wp-content\/uploads\/2018\/03\/proCampus_-O-rot.png 1890w, https:\/\/procampus.de\/wp-content\/uploads\/2018\/03\/proCampus_-O-rot-300x225.png 300w, https:\/\/procampus.de\/wp-content\/uploads\/2018\/03\/proCampus_-O-rot-768x576.png 768w, https:\/\/procampus.de\/wp-content\/uploads\/2018\/03\/proCampus_-O-rot-1024x768.png 1024w\" sizes=\"(max-width: 25px) 100vw, 25px\" \/>Grafische \u00dcberarbeitung<\/p>\n<p><img decoding=\"async\" loading=\"lazy\" class=\"alignleft wp-image-829\" src=\"https:\/\/dev.procampus.de\/wp-content\/uploads\/2018\/03\/proCampus_-O-rot.png\" alt=\"\" width=\"25\" height=\"19\" srcset=\"https:\/\/procampus.de\/wp-content\/uploads\/2018\/03\/proCampus_-O-rot.png 1890w, https:\/\/procampus.de\/wp-content\/uploads\/2018\/03\/proCampus_-O-rot-300x225.png 300w, https:\/\/procampus.de\/wp-content\/uploads\/2018\/03\/proCampus_-O-rot-768x576.png 768w, https:\/\/procampus.de\/wp-content\/uploads\/2018\/03\/proCampus_-O-rot-1024x768.png 1024w\" sizes=\"(max-width: 25px) 100vw, 25px\" \/>Verfassen von Postings<\/p>\n<p><img decoding=\"async\" loading=\"lazy\" class=\"alignleft wp-image-829\" src=\"https:\/\/dev.procampus.de\/wp-content\/uploads\/2018\/03\/proCampus_-O-rot.png\" alt=\"\" width=\"25\" height=\"19\" srcset=\"https:\/\/procampus.de\/wp-content\/uploads\/2018\/03\/proCampus_-O-rot.png 1890w, https:\/\/procampus.de\/wp-content\/uploads\/2018\/03\/proCampus_-O-rot-300x225.png 300w, https:\/\/procampus.de\/wp-content\/uploads\/2018\/03\/proCampus_-O-rot-768x576.png 768w, https:\/\/procampus.de\/wp-content\/uploads\/2018\/03\/proCampus_-O-rot-1024x768.png 1024w\" sizes=\"(max-width: 25px) 100vw, 25px\" \/>Reportings<\/p>\n<p><img decoding=\"async\" loading=\"lazy\" class=\"alignleft wp-image-829\" src=\"https:\/\/dev.procampus.de\/wp-content\/uploads\/2018\/03\/proCampus_-O-rot.png\" alt=\"\" width=\"25\" height=\"19\" srcset=\"https:\/\/procampus.de\/wp-content\/uploads\/2018\/03\/proCampus_-O-rot.png 1890w, https:\/\/procampus.de\/wp-content\/uploads\/2018\/03\/proCampus_-O-rot-300x225.png 300w, https:\/\/procampus.de\/wp-content\/uploads\/2018\/03\/proCampus_-O-rot-768x576.png 768w, https:\/\/procampus.de\/wp-content\/uploads\/2018\/03\/proCampus_-O-rot-1024x768.png 1024w\" sizes=\"(max-width: 25px) 100vw, 25px\" \/>Interaktion mit Followern<\/p>\n<p><img decoding=\"async\" loading=\"lazy\" class=\"alignleft wp-image-829\" src=\"https:\/\/dev.procampus.de\/wp-content\/uploads\/2018\/03\/proCampus_-O-rot.png\" alt=\"\" width=\"25\" height=\"19\" srcset=\"https:\/\/procampus.de\/wp-content\/uploads\/2018\/03\/proCampus_-O-rot.png 1890w, https:\/\/procampus.de\/wp-content\/uploads\/2018\/03\/proCampus_-O-rot-300x225.png 300w, https:\/\/procampus.de\/wp-content\/uploads\/2018\/03\/proCampus_-O-rot-768x576.png 768w, https:\/\/procampus.de\/wp-content\/uploads\/2018\/03\/proCampus_-O-rot-1024x768.png 1024w\" sizes=\"(max-width: 25px) 100vw, 25px\" \/>Wirkungsvoller Content[\/vc_column_text][\/vc_column][\/vc_row][vc_row][vc_column][vc_separator color=&#8220;custom&#8220; accent_color=&#8220;#bf2126&#8243;][\/vc_column][\/vc_row][vc_row][vc_column][vc_column_text]<strong>Ihre Ansprechpartnerin:<\/strong><\/p>\n<p>Julia Germann<\/p>\n<p><a href=\"mailto:marketing@procampus.de\">Email<\/a><\/p>\n<p>Tel.: 0631-205 4926[\/vc_column_text][\/vc_column][\/vc_row]<\/p>\n","protected":false},"excerpt":{"rendered":"<p>[vc_row][vc_column offset=&#8220;vc_hidden-sm vc_hidden-xs&#8220;][vc_single_image image=&#8220;1373&#8243; img_size=&#8220;full&#8220;][\/vc_column][\/vc_row][vc_row][vc_column][vc_column_text] Interaktion mit den Kunden als Erfolgsfaktor [\/vc_column_text][\/vc_column][\/vc_row][vc_row][vc_column width=&#8220;3\/4&#8243;][vc_column_text]Es bieten sich zahlreiche M\u00f6glichkeiten in Marketing und Unternehmenskommunikation Social Media Kan\u00e4le effizient zu nutzen. Ma\u00dfgeblich f\u00fcr die Auswahl und den Inhalt sind die Ziele die verfolgt werden. Dazu geh\u00f6ren beispielsweise Steigerung der Bekanntheit, Pr\u00e4sentation der eigenen Leistung oder auch der Austausch von [&hellip;]<\/p>\n","protected":false},"author":5,"featured_media":0,"parent":320,"menu_order":0,"comment_status":"closed","ping_status":"closed","template":"","meta":[],"_links":{"self":[{"href":"https:\/\/procampus.de\/de\/wp-json\/wp\/v2\/pages\/322"}],"collection":[{"href":"https:\/\/procampus.de\/de\/wp-json\/wp\/v2\/pages"}],"about":[{"href":"https:\/\/procampus.de\/de\/wp-json\/wp\/v2\/types\/page"}],"author":[{"embeddable":true,"href":"https:\/\/procampus.de\/de\/wp-json\/wp\/v2\/users\/5"}],"replies":[{"embeddable":true,"href":"https:\/\/procampus.de\/de\/wp-json\/wp\/v2\/comments?post=322"}],"version-history":[{"count":27,"href":"https:\/\/procampus.de\/de\/wp-json\/wp\/v2\/pages\/322\/revisions"}],"predecessor-version":[{"id":2193,"href":"https:\/\/procampus.de\/de\/wp-json\/wp\/v2\/pages\/322\/revisions\/2193"}],"up":[{"embeddable":true,"href":"https:\/\/procampus.de\/de\/wp-json\/wp\/v2\/pages\/320"}],"wp:attachment":[{"href":"https:\/\/procampus.de\/de\/wp-json\/wp\/v2\/media?parent=322"}],"curies":[{"name":"wp","href":"https:\/\/api.w.org\/{rel}","templated":true}]}}