{"id":335,"date":"2017-09-27T13:09:08","date_gmt":"2017-09-27T11:09:08","guid":{"rendered":"https:\/\/dev.procampus.de\/?page_id=335\/"},"modified":"2018-05-14T14:53:16","modified_gmt":"2018-05-14T12:53:16","slug":"webseiten","status":"publish","type":"page","link":"https:\/\/procampus.de\/de\/digitalservices\/webseiten\/","title":{"rendered":"Webseiten"},"content":{"rendered":"<p>[vc_row][vc_column offset=&#8220;vc_hidden-sm vc_hidden-xs&#8220;][vc_single_image image=&#8220;1379&#8243; img_size=&#8220;full&#8220;][\/vc_column][\/vc_row][vc_row][vc_column][vc_column_text]<\/p>\n<h2><strong>Ein professioneller Internetauftritt ist heute die Visitenkarte<\/strong><\/h2>\n<p>[\/vc_column_text][\/vc_column][\/vc_row][vc_row][vc_column width=&#8220;3\/4&#8243;][vc_column_text]Er steht f\u00fcr einen professionellen Auftritt im Mittelpunkt der Kundenkommunikation und ist somit ma\u00dfgeblich verantwortlich f\u00fcr Ihren Erfolg. Die Besucher erwarten, schnell relevante Informationen an der richtigen Stelle zu finden. Wer sich nicht angemessen online pr\u00e4sentiert, l\u00e4uft Gefahr im Informationszeitalter \u201everloren zu gehen\u201c. Dabei ist die Webseite nicht nur ein Aush\u00e4ngeschild, das weltweit gesehen werden kann, vielmehr garantiert sie auch die permanente Erreichbarkeit von f\u00fcr den Kunden relevanten Informationen. Sie fungiert als Kanal um den Absatz zu steigern, Bestandskunden zu binden und neue Kunden zu gewinnen.<\/p>\n<p>Ein professioneller Internetauftritt zeichnet sich durch eine klare Struktur, relevanten Content und ein individuelles und den Gesch\u00e4ftsfeldern angemessenes Design aus. Dabei sollte die Seite im responsive Design gestaltet auf den unterschiedlichsten Endger\u00e4ten korrekt angezeigt werden.<\/p>\n<p>Der erste Eindruck z\u00e4hlt. Zeigen Sie, was Sie zu bieten haben \u2013 sprechen Sie uns an, wir unterst\u00fctzen Sie dabei![\/vc_column_text][\/vc_column][vc_column width=&#8220;1\/4&#8243;][vc_column_text]<img decoding=\"async\" loading=\"lazy\" class=\"alignleft wp-image-829\" src=\"https:\/\/dev.procampus.de\/wp-content\/uploads\/2018\/03\/proCampus_-O-rot.png\" alt=\"\" width=\"25\" height=\"19\" srcset=\"https:\/\/procampus.de\/wp-content\/uploads\/2018\/03\/proCampus_-O-rot.png 1890w, https:\/\/procampus.de\/wp-content\/uploads\/2018\/03\/proCampus_-O-rot-300x225.png 300w, https:\/\/procampus.de\/wp-content\/uploads\/2018\/03\/proCampus_-O-rot-768x576.png 768w, https:\/\/procampus.de\/wp-content\/uploads\/2018\/03\/proCampus_-O-rot-1024x768.png 1024w\" sizes=\"(max-width: 25px) 100vw, 25px\" \/>Individuelle Websites<\/p>\n<p><img decoding=\"async\" loading=\"lazy\" class=\"alignleft wp-image-829\" src=\"https:\/\/dev.procampus.de\/wp-content\/uploads\/2018\/03\/proCampus_-O-rot.png\" alt=\"\" width=\"25\" height=\"19\" srcset=\"https:\/\/procampus.de\/wp-content\/uploads\/2018\/03\/proCampus_-O-rot.png 1890w, https:\/\/procampus.de\/wp-content\/uploads\/2018\/03\/proCampus_-O-rot-300x225.png 300w, https:\/\/procampus.de\/wp-content\/uploads\/2018\/03\/proCampus_-O-rot-768x576.png 768w, https:\/\/procampus.de\/wp-content\/uploads\/2018\/03\/proCampus_-O-rot-1024x768.png 1024w\" sizes=\"(max-width: 25px) 100vw, 25px\" \/>Relevanter Content<\/p>\n<p><img decoding=\"async\" loading=\"lazy\" class=\"alignleft wp-image-829\" src=\"https:\/\/dev.procampus.de\/wp-content\/uploads\/2018\/03\/proCampus_-O-rot.png\" alt=\"\" width=\"25\" height=\"19\" srcset=\"https:\/\/procampus.de\/wp-content\/uploads\/2018\/03\/proCampus_-O-rot.png 1890w, https:\/\/procampus.de\/wp-content\/uploads\/2018\/03\/proCampus_-O-rot-300x225.png 300w, https:\/\/procampus.de\/wp-content\/uploads\/2018\/03\/proCampus_-O-rot-768x576.png 768w, https:\/\/procampus.de\/wp-content\/uploads\/2018\/03\/proCampus_-O-rot-1024x768.png 1024w\" sizes=\"(max-width: 25px) 100vw, 25px\" \/>Grafikdesign<\/p>\n<p><img decoding=\"async\" loading=\"lazy\" class=\"alignleft wp-image-829\" src=\"https:\/\/dev.procampus.de\/wp-content\/uploads\/2018\/03\/proCampus_-O-rot.png\" alt=\"\" width=\"25\" height=\"19\" srcset=\"https:\/\/procampus.de\/wp-content\/uploads\/2018\/03\/proCampus_-O-rot.png 1890w, https:\/\/procampus.de\/wp-content\/uploads\/2018\/03\/proCampus_-O-rot-300x225.png 300w, https:\/\/procampus.de\/wp-content\/uploads\/2018\/03\/proCampus_-O-rot-768x576.png 768w, https:\/\/procampus.de\/wp-content\/uploads\/2018\/03\/proCampus_-O-rot-1024x768.png 1024w\" sizes=\"(max-width: 25px) 100vw, 25px\" \/>Ihre digitale Visitenkarte<\/p>\n<p><img decoding=\"async\" loading=\"lazy\" class=\"alignleft wp-image-829\" src=\"https:\/\/dev.procampus.de\/wp-content\/uploads\/2018\/03\/proCampus_-O-rot.png\" alt=\"\" width=\"25\" height=\"19\" srcset=\"https:\/\/procampus.de\/wp-content\/uploads\/2018\/03\/proCampus_-O-rot.png 1890w, https:\/\/procampus.de\/wp-content\/uploads\/2018\/03\/proCampus_-O-rot-300x225.png 300w, https:\/\/procampus.de\/wp-content\/uploads\/2018\/03\/proCampus_-O-rot-768x576.png 768w, https:\/\/procampus.de\/wp-content\/uploads\/2018\/03\/proCampus_-O-rot-1024x768.png 1024w\" sizes=\"(max-width: 25px) 100vw, 25px\" \/>Interaktion mit dem Kunden<\/p>\n<p><img decoding=\"async\" loading=\"lazy\" class=\"alignleft wp-image-829\" src=\"https:\/\/dev.procampus.de\/wp-content\/uploads\/2018\/03\/proCampus_-O-rot.png\" alt=\"\" width=\"25\" height=\"19\" srcset=\"https:\/\/procampus.de\/wp-content\/uploads\/2018\/03\/proCampus_-O-rot.png 1890w, https:\/\/procampus.de\/wp-content\/uploads\/2018\/03\/proCampus_-O-rot-300x225.png 300w, https:\/\/procampus.de\/wp-content\/uploads\/2018\/03\/proCampus_-O-rot-768x576.png 768w, https:\/\/procampus.de\/wp-content\/uploads\/2018\/03\/proCampus_-O-rot-1024x768.png 1024w\" sizes=\"(max-width: 25px) 100vw, 25px\" \/>Responsive Design<\/p>\n<p><img decoding=\"async\" loading=\"lazy\" class=\"alignleft wp-image-829\" src=\"https:\/\/dev.procampus.de\/wp-content\/uploads\/2018\/03\/proCampus_-O-rot.png\" alt=\"\" width=\"25\" height=\"19\" srcset=\"https:\/\/procampus.de\/wp-content\/uploads\/2018\/03\/proCampus_-O-rot.png 1890w, https:\/\/procampus.de\/wp-content\/uploads\/2018\/03\/proCampus_-O-rot-300x225.png 300w, https:\/\/procampus.de\/wp-content\/uploads\/2018\/03\/proCampus_-O-rot-768x576.png 768w, https:\/\/procampus.de\/wp-content\/uploads\/2018\/03\/proCampus_-O-rot-1024x768.png 1024w\" sizes=\"(max-width: 25px) 100vw, 25px\" \/>Einbindung von Formularen[\/vc_column_text][\/vc_column][\/vc_row][vc_row][vc_column][vc_separator color=&#8220;custom&#8220; accent_color=&#8220;#bf2126&#8243;][\/vc_column][\/vc_row][vc_row][vc_column][vc_column_text]<strong>Ihre Ansprechpartnerin:<\/strong><\/p>\n<p>Julia Germann<\/p>\n<p><a href=\"mailto:marketing@procampus.de\">Email<\/a><\/p>\n<p>Tel.: 0631 205-4926[\/vc_column_text][\/vc_column][\/vc_row]<\/p>\n","protected":false},"excerpt":{"rendered":"<p>[vc_row][vc_column offset=&#8220;vc_hidden-sm vc_hidden-xs&#8220;][vc_single_image image=&#8220;1379&#8243; img_size=&#8220;full&#8220;][\/vc_column][\/vc_row][vc_row][vc_column][vc_column_text] Ein professioneller Internetauftritt ist heute die Visitenkarte [\/vc_column_text][\/vc_column][\/vc_row][vc_row][vc_column width=&#8220;3\/4&#8243;][vc_column_text]Er steht f\u00fcr einen professionellen Auftritt im Mittelpunkt der Kundenkommunikation und ist somit ma\u00dfgeblich verantwortlich f\u00fcr Ihren Erfolg. Die Besucher erwarten, schnell relevante Informationen an der richtigen Stelle zu finden. Wer sich nicht angemessen online pr\u00e4sentiert, l\u00e4uft Gefahr im Informationszeitalter \u201everloren zu [&hellip;]<\/p>\n","protected":false},"author":5,"featured_media":0,"parent":333,"menu_order":0,"comment_status":"closed","ping_status":"closed","template":"","meta":[],"_links":{"self":[{"href":"https:\/\/procampus.de\/de\/wp-json\/wp\/v2\/pages\/335"}],"collection":[{"href":"https:\/\/procampus.de\/de\/wp-json\/wp\/v2\/pages"}],"about":[{"href":"https:\/\/procampus.de\/de\/wp-json\/wp\/v2\/types\/page"}],"author":[{"embeddable":true,"href":"https:\/\/procampus.de\/de\/wp-json\/wp\/v2\/users\/5"}],"replies":[{"embeddable":true,"href":"https:\/\/procampus.de\/de\/wp-json\/wp\/v2\/comments?post=335"}],"version-history":[{"count":19,"href":"https:\/\/procampus.de\/de\/wp-json\/wp\/v2\/pages\/335\/revisions"}],"predecessor-version":[{"id":1381,"href":"https:\/\/procampus.de\/de\/wp-json\/wp\/v2\/pages\/335\/revisions\/1381"}],"up":[{"embeddable":true,"href":"https:\/\/procampus.de\/de\/wp-json\/wp\/v2\/pages\/333"}],"wp:attachment":[{"href":"https:\/\/procampus.de\/de\/wp-json\/wp\/v2\/media?parent=335"}],"curies":[{"name":"wp","href":"https:\/\/api.w.org\/{rel}","templated":true}]}}