{"id":570,"date":"2018-01-25T16:50:17","date_gmt":"2018-01-25T15:50:17","guid":{"rendered":"https:\/\/dev.procampus.de\/?page_id=570\/"},"modified":"2023-03-27T04:27:11","modified_gmt":"2023-03-27T02:27:11","slug":"agb-strahlenschutz","status":"publish","type":"page","link":"https:\/\/procampus.de\/de\/agb-strahlenschutz\/","title":{"rendered":"AGB &#8211; Strahlenschutz"},"content":{"rendered":"<h3><strong>Teilnahmebedingungen f\u00fcr die Strahlenschutzkurse\u00a02020 an <\/strong><strong>der Rheinland-Pf\u00e4lzische Technischen Universit\u00e4t Kaiserslautern-Landau<\/strong><\/h3>\n<p>Die nachstehenden Teilnahmebedingungen gelten f\u00fcr die Strahlenschutzkurse der RPTU Kaiserslautern-Landau (im Folgenden als &#8222;Kurs&#8220; oder &#8222;Strahlenschutzkurse\u201c bezeichnet). Kursveranstalter ist die RPTU Kaiserslautern-Landau. Die administrative Abwicklung erfolgt durch die proCampus GmbH.<\/p>\n<h3><strong>1. Teilnahmevoraussetzungen<\/strong><\/h3>\n<p>1.1. Die Anmeldung zu den Strahlenschutzkursen erfolgt schriftlich oder elektronisch \u00fcber die<br \/>\nproCampus GmbH und ist f\u00fcr die Teilnehmer mit Eingang verbindlich. Die ordnungsm\u00e4\u00dfige<br \/>\nAnmeldung wird schriftlich oder elektronisch per E-Mail oder Fax von der proCampus GmbH<br \/>\nbest\u00e4tigt und ist mit dem Versand der Rechnung verbindlich.<br \/>\n1.2. Der Veranstalter beh\u00e4lt sich das Recht vor, die Strahlenschutzkurse bei zu geringer<br \/>\nTeilnehmerzahl, jedoch sp\u00e4testens am 5. Arbeitstag vor Kursbeginn, abzusagen. In diesem<br \/>\nFall wird das Kursentgelt zur\u00fcck erstattet. Die R\u00fcckerstattung erfolgt auf dem gleichen Weg<br \/>\nwie die Zahlung.<br \/>\n1.3. Die Kursteilnahme ist erst nach Zahlungseingang des Kursentgeltes m\u00f6glich.<\/p>\n<h3><strong>2. Leistungserf\u00fcllung<\/strong><\/h3>\n<p>2.1. Gegenstand des Auftrages ist der vereinbarte, im Vertrag bezeichnete Kurs bzw.<br \/>\nStrahlenschutzkurs, nicht jedoch die Erzielung eines bestimmten Erfolges. \u00c4nderungen und<br \/>\nErg\u00e4nzungen der Vereinbarungen werden von den Parteien schriftlich vereinbart.<br \/>\n2.2. Soweit nicht anders vereinbart, kann sich die RPTU Kaiserslautern-Landau zur Auftragsausf\u00fchrung<br \/>\nsachverst\u00e4ndiger Unterauftragnehmer bedienen.<br \/>\n2.3. Der Kunde ist verpflichtet, s\u00e4mtliche f\u00fcr die Durchf\u00fchrung dieser Vereinbarung<br \/>\nnotwendigen Mitwirkungshandlungen vorzunehmen und uns zu unterst\u00fctzen. Diese<br \/>\nMitwirkungspflicht gilt insbesondere f\u00fcr termingebundene Leistungen, bei denen zur<br \/>\nEinhaltung bestimmter Fristen die Mitwirkung des Kunden unerl\u00e4sslich ist. Der Kunde sorgt<br \/>\ndaf\u00fcr, dass uns alle f\u00fcr die Durchf\u00fchrung der Vereinbarung notwendigen Unterlagen<br \/>\nrechtzeitig und ohne besondere Aufforderung vorgelegt werden, und wir von allen<br \/>\nVorg\u00e4ngen unverz\u00fcglich in Kenntnis gesetzt werden, die f\u00fcr die Ausf\u00fchrung der<br \/>\nVereinbarung von Bedeutung sein k\u00f6nnen.<\/p>\n<h3><strong>3. Rechnung und Zahlung<\/strong><\/h3>\n<p>3.1. Das Kursentgelt ist bis zwei Wochen vor Beginn der Stahlenschutzkurse zu zahlen bzw.<br \/>\nwird danach bei Erhalt der Rechnung sofort f\u00e4llig. Das Entgelt ist ohne Abzug zu zahlen.<br \/>\n3.2. Bei versp\u00e4teter Zahlung kann die RPTU Kaiserslautern-Landau den Teilnehmer von den Strahlenschutzkursen ausschlie\u00dfen.<br \/>\n3.3. Das Kursentgelt beinhaltet die Teilnahme an den Strahlenschutzkursen. Kosten f\u00fcr<br \/>\nVerpflegung, \u00dcbernachtungen und Reisen sind im Kursentgelt nicht enthalten.<br \/>\n3.4. Einzug und Rechnungsstellung erfolgt durch die proCampus GmbH im Namen und Auftrag der Reinland-Pf\u00e4lzischen Technischen Universit\u00e4t Kaiserslautern-Landau.<\/p>\n<h3><strong>4. R\u00fccktritt<\/strong><\/h3>\n<p>4.1. Die Reinland-Pf\u00e4lzische Technischen Universit\u00e4t Kaiserslautern-Landau hat das Recht, insbesondere bei nicht ausreichenden<br \/>\nAnmeldungen oder aus organisatorischen Gr\u00fcnden, die Strahlenschutzkurse abzusagen. Bereits<br \/>\ngezahlte Entgelte werden in diesem Falle erstattet. Auch in diesem Falle erfolgt die<br \/>\nR\u00fcckerstattung auf dem gleichen Weg wie die Zahlung. Ein weiter gehender<br \/>\nSchadensersatzanspruch ist ausgeschlossen. Dies gilt auch im Fall kurzfristiger Absagen<br \/>\noder eines Ausfalls der Strahlenschutzkurse, selbst wenn die vorherige Benachrichtigung der<br \/>\nTeilnehmer\/innen nicht mehr m\u00f6glich sein sollte.<br \/>\n4.2. Der R\u00fccktritt von den Strahlenschutzkursen hat schriftlich per Fax, E-Mail oder Brief zu erfolgen. Es<br \/>\nbesteht die M\u00f6glichkeit, einen Ersatzteilnehmer zu benennen.<br \/>\n4.3. Der R\u00fccktritt kann bis zu 8 Wochen vor Kursbeginn kostenfrei erfolgen. Bei R\u00fccktritt bis<br \/>\n4 Wochen vor Kursbeginn werden 10% des Teilnahmeentgelts und bei R\u00fccktritt bis 2<br \/>\nWochen vor Kursbeginn werden 50% des Teilnahmeentgelts f\u00e4llig. Bei kurzfristigeren<br \/>\nR\u00fccktritten ist das volle Entgelt zu zahlen.<br \/>\n4.4. Soweit der Gesamtzuschnitt der Strahlenschutzkurse nicht wesentlich beeintr\u00e4chtigt wird,<br \/>\nberechtigen der Wechsel des Dozenten\/Referenten und Verschiebungen im Ablaufplan die<br \/>\nTeilnehmer weder zum R\u00fccktritt vom Vertrag noch zur Minderung des Entgelts.<\/p>\n<h3><strong>5. Haftung<\/strong><\/h3>\n<p>5.1. F\u00fcr die Kursteilnehmer besteht beim Aufenthalt auf dem Universit\u00e4tsgel\u00e4nde kein Unfallversicherungsschutz durch den Kursveranstalter.<br \/>\n5.2. Schadensersatzanspr\u00fcche gegen die RPTU Kaiserslautern-Landau und die proCampus GmbH sind unabh\u00e4ngig von der Art der Pflichtverletzung, einschlie\u00dflich unerlaubter Handlungen, ausgeschlossen, soweit nicht vors\u00e4tzliches oder grob fahrl\u00e4ssiges Handeln vorliegt.<br \/>\n5.3. Bei Verletzung wesentlicher Vertragspflichten haftet die RPTU Kaiserslautern-Landau f\u00fcr jede Fahrl\u00e4ssigkeit, jedoch nur bis zur H\u00f6he von typischen, vorhersehbaren Sch\u00e4den.<br \/>\n5.4. Die Haftungsbeschr\u00e4nkungen und -ausschl\u00fcsse in den Abs\u00e4tzen 5.2 und 5.3 gelten nicht f\u00fcr Anspr\u00fcche, die wegen arglistigen Verhaltens entstanden sind, sowie bei einer Haftung f\u00fcr garantierte Spezifikationen sowie Sch\u00e4den aus der Verletzung des Lebens, des K\u00f6rpers oder der Gesundheit.<br \/>\n5.5. Soweit die Haftung der RPTU Kaiserslautern-Landau und der proCampus GmbH ausgeschlossen oder beschr\u00e4nkt ist, gilt dies auch f\u00fcr Angestellte, Arbeitnehmer, Vertreter und Erf\u00fcllungsgehilfen der Reinland-Pf\u00e4lzische Technischen Universit\u00e4t Kaiserslautern-Landau und der proCampus GmbH.<\/p>\n<h3><strong>6. Datenspeicherung<\/strong><\/h3>\n<p>6.1. Durch die Anmeldung zu den Strahlenschutzkursen erkl\u00e4ren sich die Teilnehmer damit<br \/>\neinverstanden, dass ihre pers\u00f6nlichen Daten von der proCampus gespeichert und an die<br \/>\nbetreuenden Dozenten\/Referenten weitergegeben werden. Die Daten werden nur f\u00fcr<br \/>\nZwecke des Kurses sowie f\u00fcr Informationen im Zusammenhang mit dem Thema des Kurses<br \/>\nverwendet.<\/p>\n<h3><strong>7. Gerichtsstand<\/strong> <strong>ist Kaiserslautern.<\/strong><\/h3>\n<h3><strong>8.<\/strong><\/h3>\n<p>Sollten einzelne Bestimmungen des Vertrages einschlie\u00dflich dieser Regelungen ganz<br \/>\noder teilweise unwirksam sein, oder sollte der Vertrag eine L\u00fccke enthalten, bleibt die<\/p>\n<p>Wirksamkeit der \u00fcbrigen Bestimmungen oder Teile solcher Bestimmungen unber\u00fchrt.<br \/>\nAnstelle der unwirksamen oder fehlenden Bestimmungen treten die jeweiligen gesetzlichen<br \/>\nRegelungen oder Vereinbarungen, die der zu vermutenden Absicht der jeweiligen<br \/>\nBestimmung am n\u00e4chsten kommt, in Kraft.<\/p>\n<h3><strong>9. Widerrufsbelehrung f\u00fcr Verbraucher bei Veranstaltungen<\/strong><\/h3>\n<p>Wenn Sie Verbraucher sind, haben Sie erg\u00e4nzend zu unseren Teilnahmebedingungen ein<br \/>\nWiderrufsrecht.<\/p>\n<p>Widerrufsrecht<br \/>\nSie haben das Recht, binnen vierzehn Tagen ohne Angabe von Gr\u00fcnden diesen Vertrag zu<br \/>\nwiderrufen.<br \/>\nUm Ihr Widerrufsrecht auszu\u00fcben, m\u00fcssen Sie uns (proCampus GmbH, Davenportplatz 12,<br \/>\n67663 Kaiserslautern, Telefax + 49 631 205-4996, E-Mail: info@procampus.de) mittels einer<br \/>\neindeutigen Erkl\u00e4rung (z.B. ein mit der Post versandter Brief, Telefax oder E-Mail) \u00fcber Ihren<br \/>\nEntschluss, diesen Vertrag zu widerrufen, informieren.<br \/>\nZur Wahrung der Widerrufsfrist reicht es aus, dass Sie die Mitteilung \u00fcber die Aus\u00fcbung des<br \/>\nWiderrufsrechts vor Ablauf der Widerrufsfrist absenden.<\/p>\n<p>Folgen des Widerrufs<\/p>\n<p>Wenn Sie diesen Vertrag widerrufen, haben wir Ihnen alle Zahlungen, die wir von Ihnen<br \/>\nerhalten haben, einschlie\u00dflich der Lieferkosten (mit Ausnahme der zus\u00e4tzlichen Kosten, die<br \/>\nsich daraus ergeben, dass Sie eine andere Art der Lieferung als die von uns angebotene,<br \/>\ng\u00fcnstigste Standardlieferung gew\u00e4hlt haben), unverz\u00fcglich und sp\u00e4testens binnen vierzehn<br \/>\nTagen ab dem Tag zur\u00fcckzuzahlen, an dem die Mitteilung \u00fcber Ihren Widerruf dieses<br \/>\nVertrags bei uns eingegangen ist. F\u00fcr diese R\u00fcckzahlung verwenden wir dasselbe<br \/>\nZahlungsmittel, das Sie bei der urspr\u00fcnglichen Transaktion eingesetzt haben, es sei denn,<br \/>\nmit Ihnen wurde ausdr\u00fccklich etwas anderes vereinbart; in keinem Fall werden Ihnen wegen<br \/>\ndieser R\u00fcckzahlung Entgelte berechnet.<br \/>\nHaben Sie verlangt, dass die Dienstleistungen w\u00e4hrend der Widerrufsfrist beginnen sollen,<br \/>\nso haben Sie uns einen angemessenen Betrag zu zahlen, der dem Anteil der bis zu dem<br \/>\nZeitpunkt, zu dem Sie uns von der Aus\u00fcbung des Widerrufsrechts hinsichtlich dieses<br \/>\nVertrags unterrichten, bereits erbrachten Dienstleistungen im Vergleich zum Gesamtumfang<br \/>\nder im Vertrag vorgesehenen Dienstleistungen entspricht.<\/p>\n","protected":false},"excerpt":{"rendered":"<p>Teilnahmebedingungen f\u00fcr die Strahlenschutzkurse\u00a02020 an der Rheinland-Pf\u00e4lzische Technischen Universit\u00e4t Kaiserslautern-Landau Die nachstehenden Teilnahmebedingungen gelten f\u00fcr die Strahlenschutzkurse der RPTU Kaiserslautern-Landau (im Folgenden als &#8222;Kurs&#8220; oder &#8222;Strahlenschutzkurse\u201c bezeichnet). Kursveranstalter ist die RPTU Kaiserslautern-Landau. Die administrative Abwicklung erfolgt durch die proCampus GmbH. 1. Teilnahmevoraussetzungen 1.1. Die Anmeldung zu den Strahlenschutzkursen erfolgt schriftlich oder elektronisch \u00fcber die proCampus [&hellip;]<\/p>\n","protected":false},"author":5,"featured_media":0,"parent":0,"menu_order":0,"comment_status":"closed","ping_status":"closed","template":"","meta":[],"_links":{"self":[{"href":"https:\/\/procampus.de\/de\/wp-json\/wp\/v2\/pages\/570"}],"collection":[{"href":"https:\/\/procampus.de\/de\/wp-json\/wp\/v2\/pages"}],"about":[{"href":"https:\/\/procampus.de\/de\/wp-json\/wp\/v2\/types\/page"}],"author":[{"embeddable":true,"href":"https:\/\/procampus.de\/de\/wp-json\/wp\/v2\/users\/5"}],"replies":[{"embeddable":true,"href":"https:\/\/procampus.de\/de\/wp-json\/wp\/v2\/comments?post=570"}],"version-history":[{"count":7,"href":"https:\/\/procampus.de\/de\/wp-json\/wp\/v2\/pages\/570\/revisions"}],"predecessor-version":[{"id":2507,"href":"https:\/\/procampus.de\/de\/wp-json\/wp\/v2\/pages\/570\/revisions\/2507"}],"wp:attachment":[{"href":"https:\/\/procampus.de\/de\/wp-json\/wp\/v2\/media?parent=570"}],"curies":[{"name":"wp","href":"https:\/\/api.w.org\/{rel}","templated":true}]}}