{"id":817,"date":"2018-03-28T10:14:20","date_gmt":"2018-03-28T08:14:20","guid":{"rendered":"https:\/\/dev.procampus.de\/?page_id=817\/"},"modified":"2022-11-22T11:05:39","modified_gmt":"2022-11-22T10:05:39","slug":"beratung-organisation","status":"publish","type":"page","link":"https:\/\/procampus.de\/de\/events\/beratung-organisation\/","title":{"rendered":"Beratung &#038; Organisation"},"content":{"rendered":"<p>[vc_row][vc_column offset=&#8220;vc_hidden-sm vc_hidden-xs&#8220;][vc_single_image image=&#8220;1361&#8243; img_size=&#8220;full&#8220;][\/vc_column][\/vc_row][vc_row][vc_column offset=&#8220;vc_hidden-sm vc_hidden-xs&#8220;][vc_column_text]<\/p>\n<h2><strong>Eventorganisation aus einer Hand<\/strong><\/h2>\n<p>[\/vc_column_text][\/vc_column][\/vc_row][vc_row][vc_column width=&#8220;3\/4&#8243;][vc_column_text]Die proCampus GmbH ist nicht nur f\u00fcr die RPTU als Eventagentur t\u00e4tig, sondern organisiert zudem Kongresse, Tagungen und andere Events f\u00fcr Institute, Unternehmen, Vereine und Verb\u00e4nde.<\/p>\n<p>Die Planung, Organisation und Durchf\u00fchrung eines Events beinhalten eine Vielzahl an Meilensteinen, die es zeitgerecht und professionell zu erf\u00fcllen gilt. Daf\u00fcr ist ein erfahrenes Team von Vorteil, das sowohl beratend als auch bei der Durchf\u00fchrung tatkr\u00e4ftig unterst\u00fctzt. Hier bieten wir, die proCampus GmbH, Ihnen das gesamte Spektrum einer Full-Service-Eventagentur an: Vom Teilnehmermanagement und dem Einzug der Teilnahmegeb\u00fchren, \u00fcber die Abstimmung mit weiteren externen und internen Dienstleistern und die Vor-Ort-Abwicklung des Events selbst, bis hin zur Unterst\u00fctzung bei Marketing und Webpr\u00e4senz erhalten Sie alle L\u00f6sungen aus einer Hand. So k\u00f6nnen Sie sich ganz auf Ihr Kerngesch\u00e4ft konzentrieren. Dabei ist es m\u00f6glich die komplette Abwicklung oder nur Teilbereiche sowie bestimmte Themenfelder an proCampus auszulagern.<br \/>\nDurch unsere Erfahrung k\u00f6nnen wir auf die entsprechenden Rahmenbedingungen eingehen und daf\u00fcr ma\u00dfgeschneiderte Dienstleistungen zur Verf\u00fcgung stellen.<\/p>\n<p>Gerne beraten wir Sie zu unseren Angeboten. Wenn Sie einen starken Partner bei der Planung und Umsetzung suchen, kommen Sie auf uns zu![\/vc_column_text][\/vc_column][vc_column width=&#8220;1\/4&#8243;][vc_column_text]<img decoding=\"async\" loading=\"lazy\" class=\"alignleft wp-image-829\" src=\"https:\/\/dev.procampus.de\/wp-content\/uploads\/2018\/03\/proCampus_-O-rot.png\" alt=\"\" width=\"25\" height=\"19\" srcset=\"https:\/\/procampus.de\/wp-content\/uploads\/2018\/03\/proCampus_-O-rot.png 1890w, https:\/\/procampus.de\/wp-content\/uploads\/2018\/03\/proCampus_-O-rot-300x225.png 300w, https:\/\/procampus.de\/wp-content\/uploads\/2018\/03\/proCampus_-O-rot-768x576.png 768w, https:\/\/procampus.de\/wp-content\/uploads\/2018\/03\/proCampus_-O-rot-1024x768.png 1024w\" sizes=\"(max-width: 25px) 100vw, 25px\" \/>Full-Service-Eventagentur<\/p>\n<p><img decoding=\"async\" loading=\"lazy\" class=\"alignleft wp-image-829\" src=\"https:\/\/dev.procampus.de\/wp-content\/uploads\/2018\/03\/proCampus_-O-rot.png\" alt=\"\" width=\"25\" height=\"19\" srcset=\"https:\/\/procampus.de\/wp-content\/uploads\/2018\/03\/proCampus_-O-rot.png 1890w, https:\/\/procampus.de\/wp-content\/uploads\/2018\/03\/proCampus_-O-rot-300x225.png 300w, https:\/\/procampus.de\/wp-content\/uploads\/2018\/03\/proCampus_-O-rot-768x576.png 768w, https:\/\/procampus.de\/wp-content\/uploads\/2018\/03\/proCampus_-O-rot-1024x768.png 1024w\" sizes=\"(max-width: 25px) 100vw, 25px\" \/>Konzeption von Veranstaltungen<\/p>\n<p><img decoding=\"async\" loading=\"lazy\" class=\"alignleft wp-image-829\" src=\"https:\/\/dev.procampus.de\/wp-content\/uploads\/2018\/03\/proCampus_-O-rot.png\" alt=\"\" width=\"25\" height=\"19\" srcset=\"https:\/\/procampus.de\/wp-content\/uploads\/2018\/03\/proCampus_-O-rot.png 1890w, https:\/\/procampus.de\/wp-content\/uploads\/2018\/03\/proCampus_-O-rot-300x225.png 300w, https:\/\/procampus.de\/wp-content\/uploads\/2018\/03\/proCampus_-O-rot-768x576.png 768w, https:\/\/procampus.de\/wp-content\/uploads\/2018\/03\/proCampus_-O-rot-1024x768.png 1024w\" sizes=\"(max-width: 25px) 100vw, 25px\" \/>Event Organisation<\/p>\n<p><img decoding=\"async\" loading=\"lazy\" class=\"alignleft wp-image-829\" src=\"https:\/\/dev.procampus.de\/wp-content\/uploads\/2018\/03\/proCampus_-O-rot.png\" alt=\"\" width=\"25\" height=\"19\" srcset=\"https:\/\/procampus.de\/wp-content\/uploads\/2018\/03\/proCampus_-O-rot.png 1890w, https:\/\/procampus.de\/wp-content\/uploads\/2018\/03\/proCampus_-O-rot-300x225.png 300w, https:\/\/procampus.de\/wp-content\/uploads\/2018\/03\/proCampus_-O-rot-768x576.png 768w, https:\/\/procampus.de\/wp-content\/uploads\/2018\/03\/proCampus_-O-rot-1024x768.png 1024w\" sizes=\"(max-width: 25px) 100vw, 25px\" \/>Teilnehmermanagement<\/p>\n<p><img decoding=\"async\" loading=\"lazy\" class=\"alignleft wp-image-829\" src=\"https:\/\/dev.procampus.de\/wp-content\/uploads\/2018\/03\/proCampus_-O-rot.png\" alt=\"\" width=\"25\" height=\"19\" srcset=\"https:\/\/procampus.de\/wp-content\/uploads\/2018\/03\/proCampus_-O-rot.png 1890w, https:\/\/procampus.de\/wp-content\/uploads\/2018\/03\/proCampus_-O-rot-300x225.png 300w, https:\/\/procampus.de\/wp-content\/uploads\/2018\/03\/proCampus_-O-rot-768x576.png 768w, https:\/\/procampus.de\/wp-content\/uploads\/2018\/03\/proCampus_-O-rot-1024x768.png 1024w\" sizes=\"(max-width: 25px) 100vw, 25px\" \/>Rechnungsstellung im Auftrag<\/p>\n<p><img decoding=\"async\" loading=\"lazy\" class=\"alignleft wp-image-829\" src=\"https:\/\/dev.procampus.de\/wp-content\/uploads\/2018\/03\/proCampus_-O-rot.png\" alt=\"\" width=\"25\" height=\"19\" srcset=\"https:\/\/procampus.de\/wp-content\/uploads\/2018\/03\/proCampus_-O-rot.png 1890w, https:\/\/procampus.de\/wp-content\/uploads\/2018\/03\/proCampus_-O-rot-300x225.png 300w, https:\/\/procampus.de\/wp-content\/uploads\/2018\/03\/proCampus_-O-rot-768x576.png 768w, https:\/\/procampus.de\/wp-content\/uploads\/2018\/03\/proCampus_-O-rot-1024x768.png 1024w\" sizes=\"(max-width: 25px) 100vw, 25px\" \/>Organisation von Catering<\/p>\n<p><img decoding=\"async\" loading=\"lazy\" class=\"alignleft wp-image-829\" src=\"https:\/\/dev.procampus.de\/wp-content\/uploads\/2018\/03\/proCampus_-O-rot.png\" alt=\"\" width=\"25\" height=\"19\" srcset=\"https:\/\/procampus.de\/wp-content\/uploads\/2018\/03\/proCampus_-O-rot.png 1890w, https:\/\/procampus.de\/wp-content\/uploads\/2018\/03\/proCampus_-O-rot-300x225.png 300w, https:\/\/procampus.de\/wp-content\/uploads\/2018\/03\/proCampus_-O-rot-768x576.png 768w, https:\/\/procampus.de\/wp-content\/uploads\/2018\/03\/proCampus_-O-rot-1024x768.png 1024w\" sizes=\"(max-width: 25px) 100vw, 25px\" \/>Konzeption Rahmenprogramm<\/p>\n<p><img decoding=\"async\" loading=\"lazy\" class=\"alignleft wp-image-829\" src=\"https:\/\/dev.procampus.de\/wp-content\/uploads\/2018\/03\/proCampus_-O-rot.png\" alt=\"\" width=\"25\" height=\"19\" srcset=\"https:\/\/procampus.de\/wp-content\/uploads\/2018\/03\/proCampus_-O-rot.png 1890w, https:\/\/procampus.de\/wp-content\/uploads\/2018\/03\/proCampus_-O-rot-300x225.png 300w, https:\/\/procampus.de\/wp-content\/uploads\/2018\/03\/proCampus_-O-rot-768x576.png 768w, https:\/\/procampus.de\/wp-content\/uploads\/2018\/03\/proCampus_-O-rot-1024x768.png 1024w\" sizes=\"(max-width: 25px) 100vw, 25px\" \/>Reservierung Hotelkontingente<\/p>\n<p><img decoding=\"async\" loading=\"lazy\" class=\"alignleft wp-image-829\" src=\"https:\/\/dev.procampus.de\/wp-content\/uploads\/2018\/03\/proCampus_-O-rot.png\" alt=\"\" width=\"25\" height=\"19\" srcset=\"https:\/\/procampus.de\/wp-content\/uploads\/2018\/03\/proCampus_-O-rot.png 1890w, https:\/\/procampus.de\/wp-content\/uploads\/2018\/03\/proCampus_-O-rot-300x225.png 300w, https:\/\/procampus.de\/wp-content\/uploads\/2018\/03\/proCampus_-O-rot-768x576.png 768w, https:\/\/procampus.de\/wp-content\/uploads\/2018\/03\/proCampus_-O-rot-1024x768.png 1024w\" sizes=\"(max-width: 25px) 100vw, 25px\" \/>Buchung Shuttle Transporte[\/vc_column_text][\/vc_column][\/vc_row][vc_row][vc_column][vc_separator color=&#8220;custom&#8220; accent_color=&#8220;#bf2126&#8243;][\/vc_column][\/vc_row][vc_row][vc_column][vc_column_text]<strong>Ihre Ansprechpartnerin:<\/strong><\/p>\n<p>Verena Paff<\/p>\n<p><a href=\"mailto:events@procampus.de\">Email<\/a><\/p>\n<p>Tel.: 0631 205-4993[\/vc_column_text][\/vc_column][\/vc_row]<\/p>\n","protected":false},"excerpt":{"rendered":"<p>[vc_row][vc_column offset=&#8220;vc_hidden-sm vc_hidden-xs&#8220;][vc_single_image image=&#8220;1361&#8243; img_size=&#8220;full&#8220;][\/vc_column][\/vc_row][vc_row][vc_column offset=&#8220;vc_hidden-sm vc_hidden-xs&#8220;][vc_column_text] Eventorganisation aus einer Hand [\/vc_column_text][\/vc_column][\/vc_row][vc_row][vc_column width=&#8220;3\/4&#8243;][vc_column_text]Die proCampus GmbH ist nicht nur f\u00fcr die RPTU als Eventagentur t\u00e4tig, sondern organisiert zudem Kongresse, Tagungen und andere Events f\u00fcr Institute, Unternehmen, Vereine und Verb\u00e4nde. Die Planung, Organisation und Durchf\u00fchrung eines Events beinhalten eine Vielzahl an Meilensteinen, die es zeitgerecht und professionell [&hellip;]<\/p>\n","protected":false},"author":4,"featured_media":0,"parent":204,"menu_order":0,"comment_status":"closed","ping_status":"closed","template":"","meta":[],"_links":{"self":[{"href":"https:\/\/procampus.de\/de\/wp-json\/wp\/v2\/pages\/817"}],"collection":[{"href":"https:\/\/procampus.de\/de\/wp-json\/wp\/v2\/pages"}],"about":[{"href":"https:\/\/procampus.de\/de\/wp-json\/wp\/v2\/types\/page"}],"author":[{"embeddable":true,"href":"https:\/\/procampus.de\/de\/wp-json\/wp\/v2\/users\/4"}],"replies":[{"embeddable":true,"href":"https:\/\/procampus.de\/de\/wp-json\/wp\/v2\/comments?post=817"}],"version-history":[{"count":37,"href":"https:\/\/procampus.de\/de\/wp-json\/wp\/v2\/pages\/817\/revisions"}],"predecessor-version":[{"id":2374,"href":"https:\/\/procampus.de\/de\/wp-json\/wp\/v2\/pages\/817\/revisions\/2374"}],"up":[{"embeddable":true,"href":"https:\/\/procampus.de\/de\/wp-json\/wp\/v2\/pages\/204"}],"wp:attachment":[{"href":"https:\/\/procampus.de\/de\/wp-json\/wp\/v2\/media?parent=817"}],"curies":[{"name":"wp","href":"https:\/\/api.w.org\/{rel}","templated":true}]}}