{"id":166,"date":"2017-03-27T11:51:16","date_gmt":"2017-03-27T09:51:16","guid":{"rendered":"https:\/\/shop.procampus.de\/?page_id=166\/"},"modified":"2017-12-14T16:09:44","modified_gmt":"2017-12-14T15:09:44","slug":"revocation","status":"publish","type":"page","link":"https:\/\/procampus.de\/en\/revocation\/","title":{"rendered":"Revocation"},"content":{"rendered":"<p><strong>Widerrufsbelehrung<\/strong><\/p>\n<p>Verbraucher ist jede nat\u00fcrliche Person, die ein Rechtsgesch\u00e4ft zu Zwecken abschlie\u00dft, die \u00fcberwiegend weder ihrer gewerblichen noch ihrer selbst\u00e4ndigen beruflichen T\u00e4tigkeit zugerechnet werden k\u00f6nnen.<\/p>\n<p><strong>Widerrufsrecht<\/strong><\/p>\n<p>Sie haben das Recht, binnen vierzehn Tagen ohne Angabe von Gr\u00fcnden diesen Vertrag zu widerrufen. Die Widerrufsfrist betr\u00e4gt vierzehn Tage ab dem Tag des Vertragsschlusses. Ab dem vierzehnten Tag vor Leistungserbringung ist der Widerruf ausgeschlossen. Um Ihr Widerrufsrecht auszu\u00fcben, m\u00fcssen Sie uns (proCampus GmbH, Davenportplatz 12, 67663 Kaiserslautern, info@procampus.de) mittels einer eindeutigen Erkl\u00e4rung (z.B. ein mit der Post versandter Brief, oder E-Mail) \u00fcber Ihren Entschluss, diesen Vertrag zu widerrufen, informieren. Sie k\u00f6nnen daf\u00fcr das beigef\u00fcgte Muster-Widerrufsformular verwenden, das jedoch nicht vorgeschrieben ist. Zur Wahrung der Widerrufsfrist reicht es aus, dass Sie die Mitteilung \u00fcber die Aus\u00fcbung des Widerrufsrechts vor Ablauf der Widerrufsfrist absenden.<\/p>\n<p><strong>Folgen des Widerrufs<\/strong><br \/>\nWenn Sie diesen Vertrag widerrufen, haben wir Ihnen alle Zahlungen, die wir von Ihnen erhalten haben, einschlie\u00dflich der Lieferkosten (mit Ausnahme der zus\u00e4tzlichen Kosten, die sich daraus ergeben, dass Sie eine andere Art der Lieferung als die von uns angebotene, g\u00fcnstigste Standardlieferung gew\u00e4hlt haben), unverz\u00fcglich und sp\u00e4testens binnen vierzehn Tagen ab dem Tag zur\u00fcckzuzahlen, an dem die Mitteilung \u00fcber Ihren Widerruf dieses Vertrags bei uns eingegangen ist. F\u00fcr diese R\u00fcckzahlung verwenden wir dasselbe Zahlungsmittel, das Sie bei der urspr\u00fcnglichen Transaktion eingesetzt haben, es sei denn, mit Ihnen wurde ausdr\u00fccklich etwas anderes vereinbart; in keinem Fall werden Ihnen wegen dieser R\u00fcckzahlung Entgelte berechnet.<\/p>\n<p><strong>Muster-Widerrufsformular<\/strong><\/p>\n<p>Wenn Sie den Vertrag widerrufen wollen, dann senden Sie uns bitte eine E-Mail oder einen Brief mit folgendem Inhalt an proCampus GmbH, Davenportplatz 12, 67663 Kaiserslautern, <a href=\"mailto:info@procampus.de\">info@procampus.de<\/a>:<br \/>\n&#8211; Hiermit widerrufe(n) ich\/wir (*) den von mir\/uns (*) abgeschlossenen Vertrag \u00fcber den Kauf der folgenden Waren (*)\/ die Erbringung der folgenden Dienstleistung (*)<br \/>\n&#8211; Bestellt am (*)\/erhalten am (*)<br \/>\n&#8211; Name des\/der Verbraucher(s)<br \/>\n&#8211; Anschrift des\/der Verbraucher(s)<br \/>\n&#8211; Unterschrift des\/der Verbraucher(s) (nur bei Mitteilung auf Papier)<br \/>\n&#8211; Datum<br \/>\n&#8212;&#8212;&#8212;&#8212;&#8212;&#8212;&#8212;&#8212;&#8212;&#8212;&#8212;&#8212;&#8212;<br \/>\n(*) Unzutreffendes streichen.<\/p>\n","protected":false},"excerpt":{"rendered":"<p>Widerrufsbelehrung Verbraucher ist jede nat\u00fcrliche Person, die ein Rechtsgesch\u00e4ft zu Zwecken abschlie\u00dft, die \u00fcberwiegend weder ihrer gewerblichen noch ihrer selbst\u00e4ndigen beruflichen T\u00e4tigkeit zugerechnet werden k\u00f6nnen. Widerrufsrecht Sie haben das Recht, binnen vierzehn Tagen ohne Angabe von Gr\u00fcnden diesen Vertrag zu widerrufen. Die Widerrufsfrist betr\u00e4gt vierzehn Tage ab dem Tag des Vertragsschlusses. Ab dem vierzehnten Tag [&hellip;]<\/p>\n","protected":false},"author":1,"featured_media":0,"parent":0,"menu_order":0,"comment_status":"closed","ping_status":"closed","template":"page-shop.php","meta":[],"_links":{"self":[{"href":"https:\/\/procampus.de\/en\/wp-json\/wp\/v2\/pages\/166"}],"collection":[{"href":"https:\/\/procampus.de\/en\/wp-json\/wp\/v2\/pages"}],"about":[{"href":"https:\/\/procampus.de\/en\/wp-json\/wp\/v2\/types\/page"}],"author":[{"embeddable":true,"href":"https:\/\/procampus.de\/en\/wp-json\/wp\/v2\/users\/1"}],"replies":[{"embeddable":true,"href":"https:\/\/procampus.de\/en\/wp-json\/wp\/v2\/comments?post=166"}],"version-history":[{"count":3,"href":"https:\/\/procampus.de\/en\/wp-json\/wp\/v2\/pages\/166\/revisions"}],"predecessor-version":[{"id":456,"href":"https:\/\/procampus.de\/en\/wp-json\/wp\/v2\/pages\/166\/revisions\/456"}],"wp:attachment":[{"href":"https:\/\/procampus.de\/en\/wp-json\/wp\/v2\/media?parent=166"}],"curies":[{"name":"wp","href":"https:\/\/api.w.org\/{rel}","templated":true}]}}